{"id":111,"date":"2016-05-19T11:39:17","date_gmt":"2016-05-19T11:39:17","guid":{"rendered":"http:\/\/ld-wp.template-help.com\/wordpress_61268-sample\/?page_id=111"},"modified":"2023-05-05T17:51:48","modified_gmt":"2023-05-05T15:51:48","slug":"aviso-legal","status":"publish","type":"page","link":"https:\/\/www.vcsport.es\/en\/legal-notice-2\/","title":{"rendered":"Legal Notice and Privacy and Use"},"content":{"rendered":"<section class=\"wpb-content-wrapper\"><div class=\"vc_row wpb_row vc_row-fluid\"><div class=\"wpb_column vc_column_container vc_col-sm-12\"><div class=\"vc_column-inner\"><div class=\"wpb_wrapper\">\n\t<div class=\"wpb_text_column wpb_content_element\" >\n\t\t<div class=\"wpb_wrapper\">\n\t\t\t<h4>Legal Notice<\/h4>\n<p style=\"text-align: justify;\">In compliance with the provisions of Law 34\/2002 of 11 July 2002 on Information Society Services and Electronic Commerce (LSSICE), the general information details of the website www.vcsport.es are given below:<\/p>\n<p><strong>VC Sport<\/strong> \/ Sigma Sport Spain, S.L.<br \/>\nPN. Francisco Diaz Jimenez n3<br \/>\nMalaga, 29018<\/p>\n<p style=\"text-align: justify;\"><strong>Use of the Website<\/strong><br \/>\nThe website is offered for general information purposes, as well as for specific information on the services offered on www.vcsport.es. <strong>VC Sport<\/strong>. may cease to provide the services offered on this website without any communication with the user, which shall not entail any legal obligation to the user or third parties.<\/p>\n<p style=\"text-align: justify;\"><strong>Modifications to the Service<\/strong><br \/>\n<strong>VC Sport<\/strong>. shall not be liable to you or any third party for any modification, suspension or discontinuance of services or products advertised on its website. Notwithstanding the foregoing, <strong>VC Sport<\/strong>. will give sufficient notice of the removal of any of the services offered on this website, when it could affect the normal development of the relationship between company and client.<\/p>\n<p style=\"text-align: justify;\"><strong>Privacy<\/strong><br \/>\nThe information that <strong>VC Sport<\/strong>. collected from users of this website is used exclusively to facilitate the provision of services displayed on www.vcsport.es, as well as to provide interested parties with information on the services provided.<\/p>\n<p style=\"text-align: justify;\"><strong>Links to Third Parties<\/strong><br \/>\nIn the case of links to third party sites, the user will be governed by the Terms of Use and Privacy Policy of the new site, accepting that <strong>VC Sport<\/strong>. shall not be responsible or liable for the use of such sites.<\/p>\n<p style=\"text-align: justify;\"><strong>Copyright<\/strong><br \/>\nAll texts and images contained in the website of <strong>VC Sport<\/strong>. are copyrighted and may not be reproduced, in whole or in part, without written permission from their legal owners.<\/p>\n<p style=\"text-align: justify;\"><strong>Modifications to the Terms of Use and Privacy Policy<\/strong><br \/>\n<strong>VC Sport<\/strong>. reserves the right to modify its Terms of Use and Privacy Policy as it deems appropriate. The user undertakes to review the content of these Terms of Use and Privacy Policy, as they may be modified without prior notice. You understand and agree to each and every provision contained herein. It is the sole responsibility of the user to review the aforementioned terms.<\/p>\n<h4>PRIVACY AND USE<\/h4>\n<p style=\"text-align: justify;\">By this notice, <strong>VC Sport<\/strong> informs users of www.vcsport.es about its personal data protection policy, so that users can freely and voluntarily determine whether they wish to provide to <strong>VC Sport<\/strong> the Personal Data that may be required when registering for some of the services offered on this website.<\/p>\n<p style=\"text-align: justify;\"><strong>VC Sport<\/strong> disclaims any responsibility for information outside this website that is not directly managed by our service provider.<\/p>\n<p style=\"text-align: justify;\"><strong>Processing of Personal Data<\/strong><br \/>\nIn accordance with Organic Law 15\/1999 of 13 December on the Protection of Personal Data (LOPD), the data supplied by the User will be included in an automated file, which will be processed exclusively for the purpose described. These will be collected through the corresponding forms, which will only contain the fields that are essential to provide the service required by the User.<br \/>\nPersonal data will be treated with the appropriate degree of protection, according to Royal Decree 994\/1999 of 11 June, taking the necessary security measures to prevent its alteration, loss, unauthorised processing or access by third parties who may use it for purposes other than those for which it has been requested from the User. In the event that it is considered appropriate to transfer personal data to other entities, the User will be explicitly informed of the purpose of the file, data transferred and the name and address of the transferee, so that he\/she may give his\/her unequivocal consent in this regard.<\/p>\n<p style=\"text-align: justify;\">Finally, the User may exercise their rights of opposition, access, rectification and cancellation in compliance with the provisions of the LOPD, or simply for any query or personal comment in this respect, by sending an e-mail notification to the address info@vcsport.es or in writing to:<\/p>\n<p><strong>VC Sport<\/strong> \/ Sigma Sport Spain, S.L.<br \/>\nPN. Francisco Diaz Jimenez n3<br \/>\nMalaga, 29018<\/p>\n<p style=\"text-align: justify;\"><strong>Intellectual and Industrial Property Rights<\/strong><br \/>\nAll contents of the website (including, but not limited to, databases, text files) are the property of <strong>VC Sport<\/strong> and are protected by national or international intellectual and industrial property laws.<\/p>\n\n\t\t<\/div>\n\t<\/div>\n<\/div><\/div><\/div><\/div>\n<\/section>","protected":false},"excerpt":{"rendered":"<p>Aviso Legal Para dar cumplimiento a lo establecido en la Ley 34\/2002 de 11 de Julio, de Servicios de la Sociedad de la Informaci\u00f3n y de Comercio Electr\u00f3nico (LSSICE), a continuaci\u00f3n se indican los datos de informaci\u00f3n general del sitio web www.vcsport.es: VC Sport \/ Sigma Sport Spain, S.L. PN. Francisco Diaz Jimenez n3 M\u00e1laga,&hellip;<\/p>","protected":false},"author":2,"featured_media":0,"parent":0,"menu_order":0,"comment_status":"closed","ping_status":"closed","template":"","meta":{"_joinchat":[]},"_links":{"self":[{"href":"https:\/\/www.vcsport.es\/en\/wp-json\/wp\/v2\/pages\/111"}],"collection":[{"href":"https:\/\/www.vcsport.es\/en\/wp-json\/wp\/v2\/pages"}],"about":[{"href":"https:\/\/www.vcsport.es\/en\/wp-json\/wp\/v2\/types\/page"}],"author":[{"embeddable":true,"href":"https:\/\/www.vcsport.es\/en\/wp-json\/wp\/v2\/users\/2"}],"replies":[{"embeddable":true,"href":"https:\/\/www.vcsport.es\/en\/wp-json\/wp\/v2\/comments?post=111"}],"version-history":[{"count":0,"href":"https:\/\/www.vcsport.es\/en\/wp-json\/wp\/v2\/pages\/111\/revisions"}],"wp:attachment":[{"href":"https:\/\/www.vcsport.es\/en\/wp-json\/wp\/v2\/media?parent=111"}],"curies":[{"name":"wp","href":"https:\/\/api.w.org\/{rel}","templated":true}]}}