{"id":2743,"date":"2023-03-15T11:37:58","date_gmt":"2023-03-15T10:37:58","guid":{"rendered":"https:\/\/www.vcsport.es\/?page_id=2743"},"modified":"2023-03-21T13:07:09","modified_gmt":"2023-03-21T12:07:09","slug":"quienes-somos","status":"publish","type":"page","link":"https:\/\/www.vcsport.es\/en\/who-we-are-2\/","title":{"rendered":"Who we are"},"content":{"rendered":"<section class=\"wpb-content-wrapper\"><div data-vc-full-width=\"true\" data-vc-full-width-init=\"false\" data-vc-stretch-content=\"true\" class=\"vc_row wpb_row vc_row-fluid vc_custom_1516890375430 vc_row-has-fill vc_row-no-padding vc_row-o-equal-height vc_row-flex\"><div class=\"wpb_column vc_column_container vc_col-sm-12 vc_col-lg-offset-0 vc_col-lg-6 vc_col-md-offset-0 vc_col-md-6 vc_col-sm-offset-0 vc_col-xs-12 vc_col-has-fill\"><div class=\"vc_column-inner vc_custom_1517239522472\"><div class=\"wpb_wrapper\"><div id=\"ultimate-heading-266269fa0261a768b\" class=\"uvc-heading ult-adjust-bottom-margin ultimate-heading-266269fa0261a768b uvc-2048 accent-border-color\" data-hspacer=\"line_only\"  data-halign=\"center\" style=\"text-align:center\"><div class=\"uvc-main-heading ult-responsive\"  data-ultimate-target='.uvc-heading.ultimate-heading-266269fa0261a768b h2'  data-responsive-json-new='{\"font-size\":\"desktop:34px;\",\"line-height\":\"desktop:44px;\"}' ><h2 style=\"font-weight:bold;margin-bottom:15px;\">Contaclic<\/h2><\/div><div class=\"uvc-heading-spacer line_only\" style=\"margin-bottom:50px;height:3px;\"><span class=\"uvc-headings-line\" style=\"border-style:solid;border-bottom-width:3px;border-color:;width:150px;\"><\/span><\/div><\/div><div id=\"ultimate-heading-61069fa0261a76df\" class=\"uvc-heading ult-adjust-bottom-margin ultimate-heading-61069fa0261a76df uvc-2644 accent-border-color\" data-hspacer=\"no_spacer\"  data-halign=\"left\" style=\"text-align:left\"><div class=\"uvc-heading-spacer no_spacer\" style=\"top\"><\/div><div class=\"uvc-sub-heading ult-responsive\"  data-ultimate-target='.uvc-heading.ultimate-heading-61069fa0261a76df .uvc-sub-heading '  data-responsive-json-new='{\"font-size\":\"desktop:15px;\",\"line-height\":\"desktop:23px;\"}'  style=\"font-weight:bold;color:#000000;margin-bottom:20px;\">We are a firm of professionals with more than 20 years of experience in the legal and business field with the aim of providing comprehensive advice to companies and individuals.<\/div><\/div>\n\t<div class=\"wpb_text_column wpb_content_element  vc_custom_1678877131755\" >\n\t\t<div class=\"wpb_wrapper\">\n\t\t\t<p>We distinguish ourselves by our personalised service tailored to each client, to whom we provide individualised advice, even anticipating their problems.<\/p>\n<p>We adapt to the client's needs and maintain an open and frank communication, in order to have a clear concept of their needs and to be able to solve them in the most efficient way.<\/p>\n<p>We have made a great effort to adapt to the new times, focusing on a timeless value: the <strong>PASSION for helping the customer<\/strong>.<\/p>\n<p>The team has been formed through years of personal and professional effort, reaching a point of maturity that allows us to be proud of our work and of what we are doing at the moment.<\/p>\n<p>At Contaclic you will find a framework where you will feel not only well advised, but also well treated. Because our differential asset is the <strong>personalised advice<\/strong>We reach them by actively listening to their needs, which we are sure we will be able to address and resolve.<\/p>\n\n\t\t<\/div>\n\t<\/div>\n<div class=\"vc_row wpb_row vc_inner vc_row-fluid vc_row-o-content-middle vc_row-flex\"><div class=\"wpb_column vc_column_container vc_col-sm-6 vc_col-lg-6 vc_col-md-12\"><div class=\"vc_column-inner vc_custom_1517239964806\"><div class=\"wpb_wrapper\"><div id=\"ultimate-heading-473869fa0261a803e\" class=\"uvc-heading ult-adjust-bottom-margin ultimate-heading-473869fa0261a803e uvc-1057 accent-title-color dt-phone\" data-hspacer=\"no_spacer\"  data-halign=\"center\" style=\"text-align:center\"><div class=\"uvc-heading-spacer no_spacer\" style=\"top\"><\/div><div class=\"uvc-main-heading ult-responsive\"  data-ultimate-target='.uvc-heading.ultimate-heading-473869fa0261a803e h4'  data-responsive-json-new='{\"font-size\":\"desktop:15px;\",\"line-height\":\"desktop:25px;\"}' ><h4 style=\"font-family:&#039;Open Sans&#039;;font-weight:700;color:#ffffff;\">Call us at<\/h4><\/div><div class=\"uvc-sub-heading ult-responsive\"  data-ultimate-target='.uvc-heading.ultimate-heading-473869fa0261a803e .uvc-sub-heading '  data-responsive-json-new='{\"font-size\":\"desktop:28px;\",\"line-height\":\"desktop:48px;\"}'  style=\"font-family:&#039;PT Serif&#039;;font-weight:bold;color:#333333;\"><i class=\"fa fa-mobile-alt\"><\/i> +34 952 207 347<\/div><\/div><\/div><\/div><\/div><div class=\"wpb_column vc_column_container vc_col-sm-6 vc_col-lg-6 vc_col-md-12\"><div class=\"vc_column-inner vc_custom_1517239971220\"><div class=\"wpb_wrapper\"><style type=\"text\/css\" data-type=\"the7_shortcodes-inline-css\">#default-btn-d50187b41016f783089563f9252ace78.ico-right-side > i {\n  margin-right: 0px;\n  margin-left: 8px;\n}\n#default-btn-d50187b41016f783089563f9252ace78 > i {\n  margin-right: 8px;\n}\n<\/style><div class=\"btn-align-center\"><a href=\"https:\/\/www.vcsport.es\/en\/contact\/\" class=\"default-btn-shortcode dt-btn dt-btn-l link-hover-off anchor-link\" id=\"default-btn-d50187b41016f783089563f9252ace78\" title=\"Contact\"><span>Contact with us<\/span><\/a><\/div><\/div><\/div><\/div><\/div><\/div><\/div><\/div><div class=\"wpb_column vc_column_container vc_col-sm-12 vc_col-lg-offset-0 vc_col-lg-6 vc_col-md-offset-0 vc_col-md-6 vc_col-sm-offset-0 vc_hidden-sm vc_hidden-xs vc_col-has-fill\"><div class=\"vc_column-inner vc_custom_1517255894515\"><div class=\"wpb_wrapper\"><\/div><\/div><\/div><\/div><div class=\"vc_row-full-width vc_clearfix\"><\/div><!-- Row Backgrounds --><div class=\"upb_color\" data-bg-override=\"ex-full\" data-bg-color=\"#f7f7f7\" data-fadeout=\"\" data-fadeout-percentage=\"30\" data-parallax-content=\"\" data-parallax-content-sense=\"30\" data-row-effect-mobile-disable=\"true\" data-img-parallax-mobile-disable=\"true\" data-rtl=\"false\"  data-custom-vc-row=\"\"  data-vc=\"6.10.0\"  data-is_old_vc=\"\"  data-theme-support=\"\"   data-overlay=\"false\" data-overlay-color=\"\" data-overlay-pattern=\"\" data-overlay-pattern-opacity=\"\" data-overlay-pattern-size=\"\"    ><\/div><div data-vc-full-width=\"true\" data-vc-full-width-init=\"false\" data-vc-stretch-content=\"true\" class=\"vc_row wpb_row vc_row-fluid vc_custom_1516890375430 vc_row-has-fill vc_row-no-padding vc_row-o-equal-height vc_row-flex\"><div class=\"wpb_column vc_column_container vc_col-sm-12 vc_col-lg-offset-0 vc_col-lg-6 vc_col-md-offset-0 vc_col-md-6 vc_col-sm-offset-0 vc_col-has-fill\"><div class=\"vc_column-inner vc_custom_1516893604405\"><div class=\"wpb_wrapper\"><\/div><\/div><\/div><div class=\"wpb_column vc_column_container vc_col-sm-12 vc_col-lg-offset-0 vc_col-lg-6 vc_col-md-offset-0 vc_col-md-6 vc_col-sm-offset-0 vc_col-xs-12 vc_col-has-fill\"><div class=\"vc_column-inner vc_custom_1517237311853\"><div class=\"wpb_wrapper\"><div id=\"ultimate-heading-283169fa0261a9058\" class=\"uvc-heading ult-adjust-bottom-margin ultimate-heading-283169fa0261a9058 uvc-1046 accent-border-color\" data-hspacer=\"line_only\"  data-halign=\"center\" style=\"text-align:center\"><div class=\"uvc-main-heading ult-responsive\"  data-ultimate-target='.uvc-heading.ultimate-heading-283169fa0261a9058 h2'  data-responsive-json-new='{\"font-size\":\"desktop:34px;\",\"line-height\":\"desktop:44px;\"}' ><h2 style=\"font-weight:bold;margin-bottom:15px;\">Our advantages<\/h2><\/div><div class=\"uvc-heading-spacer line_only\" style=\"margin-bottom:50px;height:3px;\"><span class=\"uvc-headings-line\" style=\"border-style:solid;border-bottom-width:3px;border-color:;width:150px;\"><\/span><\/div><\/div>\n\t<div class=\"wpb_text_column wpb_content_element\" >\n\t\t<div class=\"wpb_wrapper\">\n\t\t\t<p>Thanks to our extensive experience we can offer you many advantages in your business. Being one of the great advantages that makes us different from the rest.<\/p>\n\n\t\t<\/div>\n\t<\/div>\n<div class=\"vc_row wpb_row vc_inner vc_row-fluid vc_row-o-equal-height vc_row-flex\"><div class=\"wpb_column vc_column_container vc_col-sm-6\"><div class=\"vc_column-inner\"><div class=\"wpb_wrapper\"><div class=\"aio-icon-component  vc_custom_1678877606239  accent-icon-color style_1\"><div id=\"Info-box-wrap-9660\" class=\"aio-icon-box left-icon\" style=\"\"  ><div class=\"aio-icon-left\"><div class=\"ult-just-icon-wrapper\"><div class=\"align-icon\" style=\"text-align:center;\">\n<div class=\"aio-icon none\"  style=\"font-size:40px;display:inline-block;\">\n\t<i class=\"icomoon-brankic-32x32-number11\"><\/i>\n<\/div><\/div><\/div><\/div><div class=\"aio-ibd-block\"><div class=\"aio-icon-header\" ><h3 class=\"aio-icon-title ult-responsive\"  data-ultimate-target='#Info-box-wrap-9660 .aio-icon-title'  data-responsive-json-new='{\"font-size\":\"desktop:20px;\",\"line-height\":\"desktop:30px;\"}'  style=\"font-weight:bold;\">Professionalism<\/h3><\/div> <!-- header --><div class=\"aio-icon-description ult-responsive\"  data-ultimate-target='#Info-box-wrap-9660 .aio-icon-description'  data-responsive-json-new='{\"font-size\":\"desktop:13px;\",\"line-height\":\"desktop:22px;\"}'  style=\"\">We are not only committed to professional technologies, services and processes, but also to constant dialogue with the client, with formulas of transparency in communication, prioritising accessibility and discretion so that our clients feel safe working with us.<\/p>\n<p><\/div> <!-- description --><\/div> <!-- aio-ibd-block --><\/div> <!-- aio-icon-box --><\/div> <!-- aio-icon-component --><\/div><\/div><\/div><div class=\"wpb_column vc_column_container vc_col-sm-6\"><div class=\"vc_column-inner\"><div class=\"wpb_wrapper\"><div class=\"aio-icon-component  vc_custom_1678877590428  accent-icon-color style_1\"><div id=\"Info-box-wrap-2817\" class=\"aio-icon-box left-icon\" style=\"\"  ><div class=\"aio-icon-left\"><div class=\"ult-just-icon-wrapper\"><div class=\"align-icon\" style=\"text-align:center;\">\n<div class=\"aio-icon none\"  style=\"font-size:40px;display:inline-block;\">\n\t<i class=\"icomoon-brankic-32x32-number12\"><\/i>\n<\/div><\/div><\/div><\/div><div class=\"aio-ibd-block\"><div class=\"aio-icon-header\" ><h3 class=\"aio-icon-title ult-responsive\"  data-ultimate-target='#Info-box-wrap-2817 .aio-icon-title'  data-responsive-json-new='{\"font-size\":\"desktop:20px;\",\"line-height\":\"desktop:30px;\"}'  style=\"font-weight:bold;\">Knowledge<\/h3><\/div> <!-- header --><div class=\"aio-icon-description ult-responsive\"  data-ultimate-target='#Info-box-wrap-2817 .aio-icon-description'  data-responsive-json-new='{\"font-size\":\"desktop:13px;\",\"line-height\":\"desktop:22px;\"}'  style=\"\">We are lawyers, economists and business consultants, with more than 20 years of experience in advising companies and individuals, who have joined forces, even collaborating with other professionals and similar firms, with the sole aim of achieving our objective: YOUR TRANQUILITY.<\/p>\n<p>&nbsp;<\/p>\n<p>&nbsp;<\/p>\n<p><\/div> <!-- description --><\/div> <!-- aio-ibd-block --><\/div> <!-- aio-icon-box --><\/div> <!-- aio-icon-component --><\/div><\/div><\/div><div class=\"wpb_column vc_column_container vc_col-sm-6\"><div class=\"vc_column-inner vc_custom_1516888003679\"><div class=\"wpb_wrapper\"><div class=\"aio-icon-component  vc_custom_1678877626302  accent-icon-color style_1\"><div id=\"Info-box-wrap-9757\" class=\"aio-icon-box left-icon\" style=\"\"  ><div class=\"aio-icon-left\"><div class=\"ult-just-icon-wrapper\"><div class=\"align-icon\" style=\"text-align:center;\">\n<div class=\"aio-icon none\"  style=\"font-size:40px;display:inline-block;\">\n\t<i class=\"icomoon-brankic-32x32-number13\"><\/i>\n<\/div><\/div><\/div><\/div><div class=\"aio-ibd-block\"><div class=\"aio-icon-header\" ><h3 class=\"aio-icon-title ult-responsive\"  data-ultimate-target='#Info-box-wrap-9757 .aio-icon-title'  data-responsive-json-new='{\"font-size\":\"desktop:20px;\",\"line-height\":\"desktop:30px;\"}'  style=\"font-weight:bold;\">Innovation<\/h3><\/div> <!-- header --><div class=\"aio-icon-description ult-responsive\"  data-ultimate-target='#Info-box-wrap-9757 .aio-icon-description'  data-responsive-json-new='{\"font-size\":\"desktop:13px;\",\"line-height\":\"desktop:22px;\"}'  style=\"\">We are, on the other hand, up to date with all legislative developments as we have made a great effort to provide ourselves with updated and updatable working tools, which help us in our day-to-day work and allow us to inform our clients of any new developments that may be of interest to them.<\/div> <!-- description --><\/div> <!-- aio-ibd-block --><\/div> <!-- aio-icon-box --><\/div> <!-- aio-icon-component --><\/div><\/div><\/div><div class=\"wpb_column vc_column_container vc_col-sm-6\"><div class=\"vc_column-inner vc_custom_1516888008171\"><div class=\"wpb_wrapper\"><div class=\"aio-icon-component  vc_custom_1678877705491  accent-icon-color style_1\"><div id=\"Info-box-wrap-5462\" class=\"aio-icon-box left-icon\" style=\"\"  ><div class=\"aio-icon-left\"><div class=\"ult-just-icon-wrapper\"><div class=\"align-icon\" style=\"text-align:center;\">\n<div class=\"aio-icon none\"  style=\"font-size:40px;display:inline-block;\">\n\t<i class=\"icomoon-brankic-32x32-number14\"><\/i>\n<\/div><\/div><\/div><\/div><div class=\"aio-ibd-block\"><div class=\"aio-icon-header\" ><h3 class=\"aio-icon-title ult-responsive\"  data-ultimate-target='#Info-box-wrap-5462 .aio-icon-title'  data-responsive-json-new='{\"font-size\":\"desktop:20px;\",\"line-height\":\"desktop:30px;\"}'  style=\"font-weight:bold;\">Security<\/h3><\/div> <!-- header --><div class=\"aio-icon-description ult-responsive\"  data-ultimate-target='#Info-box-wrap-5462 .aio-icon-description'  data-responsive-json-new='{\"font-size\":\"desktop:13px;\",\"line-height\":\"desktop:22px;\"}'  style=\"\">We are a quality and reliable team that offers a preventive service first and foremost, so that the client has the peace of mind that everything possible is being done to avoid major problems in the future. We anticipate what may happen to you, and we are distinguished by our respect for the customer.<\/div> <!-- description --><\/div> <!-- aio-ibd-block --><\/div> <!-- aio-icon-box --><\/div> <!-- aio-icon-component --><\/div><\/div><\/div><\/div><\/div><\/div><\/div><\/div><div class=\"vc_row-full-width vc_clearfix\"><\/div><!-- Row Backgrounds --><div class=\"upb_color\" data-bg-override=\"ex-full\" data-bg-color=\"#f7f7f7\" data-fadeout=\"\" data-fadeout-percentage=\"30\" data-parallax-content=\"\" data-parallax-content-sense=\"30\" data-row-effect-mobile-disable=\"true\" data-img-parallax-mobile-disable=\"true\" data-rtl=\"false\"  data-custom-vc-row=\"\"  data-vc=\"6.10.0\"  data-is_old_vc=\"\"  data-theme-support=\"\"   data-overlay=\"false\" data-overlay-color=\"\" data-overlay-pattern=\"\" data-overlay-pattern-opacity=\"\" data-overlay-pattern-size=\"\"    ><\/div>\n<\/section>","protected":false},"excerpt":{"rendered":"<p>ContaclicSomos un despacho de profesionales con m\u00e1s de 20 a\u00f1os de experiencia en el \u00e1mbito jur\u00eddico y empresarial con la vocaci\u00f3n de dar un asesoramiento integral a empresas y particulares. Nos distinguimos por nuestro trato personalizado ajustado a cada cliente, al que le procuramos un asesoramiento individualizado incluso anticip\u00e1ndonos a sus problemas. Nos adaptamos a&hellip;<\/p>","protected":false},"author":2,"featured_media":0,"parent":0,"menu_order":10,"comment_status":"closed","ping_status":"closed","template":"","meta":{"_joinchat":[]},"_links":{"self":[{"href":"https:\/\/www.vcsport.es\/en\/wp-json\/wp\/v2\/pages\/2743"}],"collection":[{"href":"https:\/\/www.vcsport.es\/en\/wp-json\/wp\/v2\/pages"}],"about":[{"href":"https:\/\/www.vcsport.es\/en\/wp-json\/wp\/v2\/types\/page"}],"author":[{"embeddable":true,"href":"https:\/\/www.vcsport.es\/en\/wp-json\/wp\/v2\/users\/2"}],"replies":[{"embeddable":true,"href":"https:\/\/www.vcsport.es\/en\/wp-json\/wp\/v2\/comments?post=2743"}],"version-history":[{"count":0,"href":"https:\/\/www.vcsport.es\/en\/wp-json\/wp\/v2\/pages\/2743\/revisions"}],"wp:attachment":[{"href":"https:\/\/www.vcsport.es\/en\/wp-json\/wp\/v2\/media?parent=2743"}],"curies":[{"name":"wp","href":"https:\/\/api.w.org\/{rel}","templated":true}]}}