{"id":3310,"date":"2023-05-05T18:53:09","date_gmt":"2023-05-05T16:53:09","guid":{"rendered":"https:\/\/www.vcsport.es\/?page_id=3310"},"modified":"2023-05-05T20:05:06","modified_gmt":"2023-05-05T18:05:06","slug":"blog","status":"publish","type":"page","link":"https:\/\/www.vcsport.es\/en\/blog\/","title":{"rendered":"Blog"},"content":{"rendered":"<section class=\"wpb-content-wrapper\"><div class=\"vc_row wpb_row vc_row-fluid\"><div class=\"wpb_column vc_column_container vc_col-sm-12\"><div class=\"vc_column-inner\"><div class=\"wpb_wrapper\">\n<div class=\"vc_grid-container-wrapper vc_clearfix vc_grid-animation-fadeIn\">\n\t<div class=\"vc_grid-container vc_clearfix wpb_content_element vc_basic_grid\" data-initial-loading-animation=\"fadeIn\" data-vc-grid-settings=\"{&quot;page_id&quot;:3310,&quot;style&quot;:&quot;all&quot;,&quot;action&quot;:&quot;vc_get_vc_grid_data&quot;,&quot;shortcode_id&quot;:&quot;1683309820162-68c29dfe-fb08-2&quot;,&quot;tag&quot;:&quot;vc_basic_grid&quot;}\" data-vc-request=\"https:\/\/www.vcsport.es\/wp-admin\/admin-ajax.php\" data-vc-post-id=\"3310\" data-vc-public-nonce=\"6778470f2b\">\n\t\t<style data-type=\"vc_shortcodes-custom-css\">.vc_custom_1419240516480{background-color: #f9f9f9 !important;}<\/style><div class=\"vc_grid vc_row vc_grid-gutter-30px vc_pageable-wrapper vc_hook_hover\" data-vc-pageable-content=\"true\"><div class=\"vc_pageable-slide-wrapper vc_clearfix\" data-vc-grid-content=\"true\"><div class=\"vc_grid-item vc_clearfix vc_col-sm-4 vc_grid-item-zone-c-bottom\"><div class=\"vc_grid-item-mini vc_clearfix\"><div class=\"vc_gitem-animated-block\" ><div class=\"vc_gitem-zone vc_gitem-zone-a vc-gitem-zone-height-mode-auto vc-gitem-zone-height-mode-auto-1-1 vc_gitem-is-link\" style=\"background-image: url('https:\/\/www.vcsport.es\/wp-content\/uploads\/2022\/02\/Wahoo_KICKR-ROLLR_WFBKTR9B_DrivePerspective-scaled-2560x1280-1-1024x512.jpg') !important;\"><a href=\"https:\/\/www.vcsport.es\/en\/roller\/\" title=\"KICKR ROLLR\" class=\"vc_gitem-link vc-zone-link\" ><\/a><img src=\"https:\/\/www.vcsport.es\/wp-content\/uploads\/2022\/02\/Wahoo_KICKR-ROLLR_WFBKTR9B_DrivePerspective-scaled-2560x1280-1-1024x512.jpg\" class=\"vc_gitem-zone-img\" alt=\"KICKR ROLLR\"><div class=\"vc_gitem-zone-mini\"><\/div><\/div><\/div><div class=\"vc_gitem-zone vc_gitem-zone-c vc_custom_1419240516480\"><div class=\"vc_gitem-zone-mini\"><div class=\"vc_gitem_row vc_row vc_gitem-row-position-top\"><div class=\"vc_col-sm-12 vc_gitem-col vc_gitem-col-align-\"><div class=\"vc_custom_heading vc_gitem-post-data vc_gitem-post-data-source-post_title\" ><h4 style=\"text-align: left\" >KICKR ROLLR<\/h4><\/div><div class=\"vc_custom_heading vc_gitem-post-data vc_gitem-post-data-source-post_excerpt\" ><p style=\"text-align: left\" ><p>Meet the KICKR ROLLR: Innovation and Technology in Rollers for Cyclists. Safety and Stability with Front Wheel Fixation.<\/p>\n<\/p><\/div><div class=\"vc_btn3-container vc_btn3-left\"><a class=\"vc_general vc_btn3 vc_btn3-size-md vc_btn3-shape-rounded vc_btn3-style-flat vc_btn3-color-juicy-pink\" a href=\"https:\/\/www.vcsport.es\/en\/roller\/\" title=\"Read more\">Read more<\/a><\/div><\/div><\/div><\/div><\/div><\/div><div class=\"vc_clearfix\"><\/div><\/div><div class=\"vc_grid-item vc_clearfix vc_col-sm-4 vc_grid-item-zone-c-bottom\"><div class=\"vc_grid-item-mini vc_clearfix\"><div class=\"vc_gitem-animated-block\" ><div class=\"vc_gitem-zone vc_gitem-zone-a vc-gitem-zone-height-mode-auto vc-gitem-zone-height-mode-auto-1-1 vc_gitem-is-link\" style=\"background-image: url('https:\/\/www.vcsport.es\/wp-content\/uploads\/2022\/02\/Wahoo_POWRLINK-ZERO_WFPRX1S55_LEDBlue-scaled-2560x1280-1-1024x512.jpg') !important;\"><a href=\"https:\/\/www.vcsport.es\/en\/potentiometer-wahoo-speedplay\/\" title=\"Wahoo\/Speedplay Potentiometer\" class=\"vc_gitem-link vc-zone-link\" ><\/a><img src=\"https:\/\/www.vcsport.es\/wp-content\/uploads\/2022\/02\/Wahoo_POWRLINK-ZERO_WFPRX1S55_LEDBlue-scaled-2560x1280-1-1024x512.jpg\" class=\"vc_gitem-zone-img\" alt=\"Wahoo\/Speedplay Potentiometer\"><div class=\"vc_gitem-zone-mini\"><\/div><\/div><\/div><div class=\"vc_gitem-zone vc_gitem-zone-c vc_custom_1419240516480\"><div class=\"vc_gitem-zone-mini\"><div class=\"vc_gitem_row vc_row vc_gitem-row-position-top\"><div class=\"vc_col-sm-12 vc_gitem-col vc_gitem-col-align-\"><div class=\"vc_custom_heading vc_gitem-post-data vc_gitem-post-data-source-post_title\" ><h4 style=\"text-align: left\" >Wahoo\/Speedplay Potentiometer<\/h4><\/div><div class=\"vc_custom_heading vc_gitem-post-data vc_gitem-post-data-source-post_excerpt\" ><p style=\"text-align: left\" ><p>Discover the new Wahoo Speedplay Potentiometer: Innovation and Performance in Cycling Specific design for road and triathlon cycling<\/p>\n<\/p><\/div><div class=\"vc_btn3-container vc_btn3-left\"><a class=\"vc_general vc_btn3 vc_btn3-size-md vc_btn3-shape-rounded vc_btn3-style-flat vc_btn3-color-juicy-pink\" a href=\"https:\/\/www.vcsport.es\/en\/potentiometer-wahoo-speedplay\/\" title=\"Read more\">Read more<\/a><\/div><\/div><\/div><\/div><\/div><\/div><div class=\"vc_clearfix\"><\/div><\/div><div class=\"vc_grid-item vc_clearfix vc_col-sm-4 vc_grid-item-zone-c-bottom\"><div class=\"vc_grid-item-mini vc_clearfix\"><div class=\"vc_gitem-animated-block\" ><div class=\"vc_gitem-zone vc_gitem-zone-a vc-gitem-zone-height-mode-auto vc-gitem-zone-height-mode-auto-1-1 vc_gitem-is-link\" style=\"background-image: url('https:\/\/www.vcsport.es\/wp-content\/uploads\/2022\/01\/Wahoo-1024x742.jpg') !important;\"><a href=\"https:\/\/www.vcsport.es\/en\/wahoo-element-2\/\" title=\"Wahoo &amp; EF, BORA, QUICKSTEP...\" class=\"vc_gitem-link vc-zone-link\" ><\/a><img src=\"https:\/\/www.vcsport.es\/wp-content\/uploads\/2022\/01\/Wahoo-1024x742.jpg\" class=\"vc_gitem-zone-img\" alt=\"Wahoo\"><div class=\"vc_gitem-zone-mini\"><\/div><\/div><\/div><div class=\"vc_gitem-zone vc_gitem-zone-c vc_custom_1419240516480\"><div class=\"vc_gitem-zone-mini\"><div class=\"vc_gitem_row vc_row vc_gitem-row-position-top\"><div class=\"vc_col-sm-12 vc_gitem-col vc_gitem-col-align-\"><div class=\"vc_custom_heading vc_gitem-post-data vc_gitem-post-data-source-post_title\" ><h4 style=\"text-align: left\" >Wahoo &amp; EF, BORA, QUICKSTEP...<\/h4><\/div><div class=\"vc_custom_heading vc_gitem-post-data vc_gitem-post-data-source-post_excerpt\" ><p style=\"text-align: left\" ><p>Peter Sagan a convinced leader Wahoo has reinvented the way you use GPS now in an easy and intuitive way from your phone.<\/p>\n<\/p><\/div><div class=\"vc_btn3-container vc_btn3-left\"><a class=\"vc_general vc_btn3 vc_btn3-size-md vc_btn3-shape-rounded vc_btn3-style-flat vc_btn3-color-juicy-pink\" a href=\"https:\/\/www.vcsport.es\/en\/wahoo-element-2\/\" title=\"Read more\">Read more<\/a><\/div><\/div><\/div><\/div><\/div><\/div><div class=\"vc_clearfix\"><\/div><\/div><div class=\"vc_grid-item vc_clearfix vc_col-sm-4 vc_grid-item-zone-c-bottom\"><div class=\"vc_grid-item-mini vc_clearfix\"><div class=\"vc_gitem-animated-block\" ><div class=\"vc_gitem-zone vc_gitem-zone-a vc-gitem-zone-height-mode-auto vc-gitem-zone-height-mode-auto-1-1 vc_gitem-is-link\" style=\"background-image: url('https:\/\/www.vcsport.es\/wp-content\/uploads\/2020\/03\/ace_productshots2_5000x-1600x800-1-1024x512.jpg') !important;\"><a href=\"https:\/\/www.vcsport.es\/en\/seesence-2\/\" title=\"See Sence (lights)\" class=\"vc_gitem-link vc-zone-link\" ><\/a><img src=\"https:\/\/www.vcsport.es\/wp-content\/uploads\/2020\/03\/ace_productshots2_5000x-1600x800-1-1024x512.jpg\" class=\"vc_gitem-zone-img\" alt=\"See Sence (lights)\"><div class=\"vc_gitem-zone-mini\"><\/div><\/div><\/div><div class=\"vc_gitem-zone vc_gitem-zone-c vc_custom_1419240516480\"><div class=\"vc_gitem-zone-mini\"><div class=\"vc_gitem_row vc_row vc_gitem-row-position-top\"><div class=\"vc_col-sm-12 vc_gitem-col vc_gitem-col-align-\"><div class=\"vc_custom_heading vc_gitem-post-data vc_gitem-post-data-source-post_title\" ><h4 style=\"text-align: left\" >See Sence (lights)<\/h4><\/div><div class=\"vc_custom_heading vc_gitem-post-data vc_gitem-post-data-source-post_excerpt\" ><p style=\"text-align: left\" ><p>See.Sense: Innovative Technology for Increased Cycling Safety See.Sense has developed a revolutionary technology in the world of cycling that, when applied to everyday cycling, increases safety and represents a substantial improvement for the cycling community. ACE and ICON Models: Smart Sensors and Versatile Adapters The ACE (125 lumens) and ICON models have been designed to...<\/p>\n<\/p><\/div><div class=\"vc_btn3-container vc_btn3-left\"><a class=\"vc_general vc_btn3 vc_btn3-size-md vc_btn3-shape-rounded vc_btn3-style-flat vc_btn3-color-juicy-pink\" a href=\"https:\/\/www.vcsport.es\/en\/seesence-2\/\" title=\"Read more\">Read more<\/a><\/div><\/div><\/div><\/div><\/div><\/div><div class=\"vc_clearfix\"><\/div><\/div><div class=\"vc_grid-item vc_clearfix vc_col-sm-4 vc_grid-item-zone-c-bottom\"><div class=\"vc_grid-item-mini vc_clearfix\"><div class=\"vc_gitem-animated-block\" ><div class=\"vc_gitem-zone vc_gitem-zone-a vc-gitem-zone-height-mode-auto vc-gitem-zone-height-mode-auto-1-1 vc_gitem-is-link\" style=\"background-image: url('https:\/\/www.vcsport.es\/wp-content\/uploads\/2020\/01\/3590383-Profile-Design-Aeria-Ultimate-Hydration-System-detail5-870x435-1.jpg') !important;\"><a href=\"https:\/\/www.vcsport.es\/en\/morbnc-odiof\/\" title=\"Aeria Ultimate Coupling &amp; Aeria Hydration System\" class=\"vc_gitem-link vc-zone-link\" ><\/a><img src=\"https:\/\/www.vcsport.es\/wp-content\/uploads\/2020\/01\/3590383-Profile-Design-Aeria-Ultimate-Hydration-System-detail5-870x435-1.jpg\" class=\"vc_gitem-zone-img\" alt=\"Aeria Ultimate Coupling &amp; Aeria Hydration System\"><div class=\"vc_gitem-zone-mini\"><\/div><\/div><\/div><div class=\"vc_gitem-zone vc_gitem-zone-c vc_custom_1419240516480\"><div class=\"vc_gitem-zone-mini\"><div class=\"vc_gitem_row vc_row vc_gitem-row-position-top\"><div class=\"vc_col-sm-12 vc_gitem-col vc_gitem-col-align-\"><div class=\"vc_custom_heading vc_gitem-post-data vc_gitem-post-data-source-post_title\" ><h4 style=\"text-align: left\" >Aeria Ultimate Coupling &amp; Aeria Hydration System<\/h4><\/div><div class=\"vc_custom_heading vc_gitem-post-data vc_gitem-post-data-source-post_excerpt\" ><p style=\"text-align: left\" ><p>Aeria Ultimate Fit and Aeria Hydration System: Maximum Comfort and Fit on the Bike The Aeria Ultimate Fit from Profile Design allows you to find the perfect position on the bike, offering maximum mobility and adjustability for an aerodynamic and comfortable riding position. Maximum Power in an Aerodynamic Position With the Aeria Ultimate linkage, you'll be able to print...<\/p>\n<\/p><\/div><div class=\"vc_btn3-container vc_btn3-left\"><a class=\"vc_general vc_btn3 vc_btn3-size-md vc_btn3-shape-rounded vc_btn3-style-flat vc_btn3-color-juicy-pink\" a href=\"https:\/\/www.vcsport.es\/en\/morbnc-odiof\/\" title=\"Read more\">Read more<\/a><\/div><\/div><\/div><\/div><\/div><\/div><div class=\"vc_clearfix\"><\/div><\/div><div class=\"vc_grid-item vc_clearfix vc_col-sm-4 vc_grid-item-zone-c-bottom\"><div class=\"vc_grid-item-mini vc_clearfix\"><div class=\"vc_gitem-animated-block\" ><div class=\"vc_gitem-zone vc_gitem-zone-a vc-gitem-zone-height-mode-auto vc-gitem-zone-height-mode-auto-1-1 vc_gitem-is-link\" style=\"background-image: url('https:\/\/www.vcsport.es\/wp-content\/uploads\/2025\/06\/superpasso.png') !important;\"><a href=\"https:\/\/www.vcsport.es\/en\/garden-design\/\" title=\"Vredestein\" class=\"vc_gitem-link vc-zone-link\" ><\/a><img src=\"https:\/\/www.vcsport.es\/wp-content\/uploads\/2025\/06\/superpasso.png\" class=\"vc_gitem-zone-img\" alt=\"Vredestein\"><div class=\"vc_gitem-zone-mini\"><\/div><\/div><\/div><div class=\"vc_gitem-zone vc_gitem-zone-c vc_custom_1419240516480\"><div class=\"vc_gitem-zone-mini\"><div class=\"vc_gitem_row vc_row vc_gitem-row-position-top\"><div class=\"vc_col-sm-12 vc_gitem-col vc_gitem-col-align-\"><div class=\"vc_custom_heading vc_gitem-post-data vc_gitem-post-data-source-post_title\" ><h4 style=\"text-align: left\" >Vredestein<\/h4><\/div><div class=\"vc_custom_heading vc_gitem-post-data vc_gitem-post-data-source-post_excerpt\" ><p style=\"text-align: left\" ><p>Cubiertas Vredestein es un nombre muy conocido en las industrias de la bicicleta, la automoci\u00f3n, la agricultura y la industria, con una rica herencia en neum\u00e1ticos para bicicletas que se remonta a principios del siglo XX. A trav\u00e9s de la globalizaci\u00f3n y una estrategia de marketing distintiva centrada en la innovaci\u00f3n y la tecnolog\u00eda, la&hellip;<\/p>\n<\/p><\/div><div class=\"vc_btn3-container vc_btn3-left\"><a class=\"vc_general vc_btn3 vc_btn3-size-md vc_btn3-shape-rounded vc_btn3-style-flat vc_btn3-color-juicy-pink\" a href=\"https:\/\/www.vcsport.es\/en\/garden-design\/\" title=\"Read more\">Read more<\/a><\/div><\/div><\/div><\/div><\/div><\/div><div class=\"vc_clearfix\"><\/div><\/div><\/div><\/div>\n\t<\/div>\n<\/div><\/div><\/div><\/div><\/div>\n<\/section>","protected":false},"excerpt":{"rendered":"","protected":false},"author":4,"featured_media":0,"parent":0,"menu_order":0,"comment_status":"closed","ping_status":"closed","template":"","meta":{"_joinchat":[]},"_links":{"self":[{"href":"https:\/\/www.vcsport.es\/en\/wp-json\/wp\/v2\/pages\/3310"}],"collection":[{"href":"https:\/\/www.vcsport.es\/en\/wp-json\/wp\/v2\/pages"}],"about":[{"href":"https:\/\/www.vcsport.es\/en\/wp-json\/wp\/v2\/types\/page"}],"author":[{"embeddable":true,"href":"https:\/\/www.vcsport.es\/en\/wp-json\/wp\/v2\/users\/4"}],"replies":[{"embeddable":true,"href":"https:\/\/www.vcsport.es\/en\/wp-json\/wp\/v2\/comments?post=3310"}],"version-history":[{"count":0,"href":"https:\/\/www.vcsport.es\/en\/wp-json\/wp\/v2\/pages\/3310\/revisions"}],"wp:attachment":[{"href":"https:\/\/www.vcsport.es\/en\/wp-json\/wp\/v2\/media?parent=3310"}],"curies":[{"name":"wp","href":"https:\/\/api.w.org\/{rel}","templated":true}]}}