{"id":3441,"date":"2023-05-26T19:29:01","date_gmt":"2023-05-26T17:29:01","guid":{"rendered":"https:\/\/www.vcsport.es\/?page_id=3441"},"modified":"2023-06-01T11:02:00","modified_gmt":"2023-06-01T09:02:00","slug":"declaracion-accesibilidad","status":"publish","type":"page","link":"https:\/\/www.vcsport.es\/en\/accessibility-declaration-2\/","title":{"rendered":"Accessibility Statement"},"content":{"rendered":"<p><strong>Accessibility policy<\/strong><\/p>\n<p>VC Sport is committed to making its website accessible in accordance with Royal Decree 1112\/2018 of 7 September on accessibility of public sector websites and applications for mobile devices, or developments funded from Europe.<\/p>\n<p>This accessibility statement applies to the website https:\/\/vcsport.es\/ excluding embedded content from other domains.<\/p>\n<p><strong>Compliance status<\/strong><\/p>\n<p>This website is Partially compliant with RD 1112\/2018 due to the non-compliance of the following aspects.<\/p>\n<p><strong>Content not accessible<\/strong><\/p>\n<p>The content below is not accessible for the following reasons:<\/p>\n<ul>\n<li>Non-compliance:\n<ul>\n<li>There may be header elements that are incorrectly implemented, or whose logical order is not correct - Requirement number 9.1.3.1 Information and relationships of UNE-EN 301549:2022<\/li>\n<li>There may be headings which are not clear or brief, or which should not be headings - Requirement number 9.2.4.6 Headings and labels of UNE-EN 301549:2022<\/li>\n<li>There may be form fields where your label is not correct or does not exist - Requirement number 9.3.3.2 Labels or instructions of UNE-EN 301549:2022<\/li>\n<li>There may be occasional editing errors on some web pages.<\/li>\n<\/ul>\n<\/li>\n<\/ul>\n<ul>\n<li>Disproportionate burden: Not applicable.<\/li>\n<li>The content does not fall within the scope of the applicable legislation.<\/li>\n<\/ul>\n<p>There may be office files in PDF or other formats published before 20 September 2018 that do not fully meet all accessibility requirements.There may be third-party content that is not developed by or under the control of this Unit, such as office automation files from different agencies that need to be published on this site.<\/p>\n<p><strong>Remarks and contact details<\/strong><\/p>\n<p>You can make communications on accessibility requirements [article 10.2.a) of RD 1112\/2018] such as, for example:<\/p>\n<ul>\n<li>To report any possible non-compliance by this website.<\/li>\n<li>Convey other difficulties in accessing content.<\/li>\n<li>To make any other enquiries or suggestions for improvement regarding the accessibility of the website by writing to the following address\u00a0<a href=\"https:\/\/www.vcsport.es\/en\/contact\/\">contact form<\/a> or by calling +34 952 207 347 from 9 a.m. to 2 p.m. Monday to Friday.<\/li>\n<\/ul>\n<p>You can submit:<\/p>\n<ul>\n<li>A complaint regarding compliance with the requirements of RD 1112\/2018<\/li>\n<li>A request for accessible information relating to:\n<ul>\n<li>Content that is excluded from the scope of application of RD 1112\/2018 as established by Article 3, paragraph 4.<\/li>\n<li>Content that is exempt from accessibility requirements because it imposes a disproportionate burden.<\/li>\n<\/ul>\n<\/li>\n<\/ul>\n<p>The request for accessible information must clearly state the facts, reasons and request, so as to establish that the request is reasonable and legitimate.<\/p>","protected":false},"excerpt":{"rendered":"<p>Pol\u00edtica de accesibilidad La empresa VC Sport se ha comprometido a hacer accesible su sitio web de conformidad con el Real Decreto 1112\/2018, de 7 de septiembre, sobre accesibilidad de los sitios web y aplicaciones para dispositivos m\u00f3viles del sector p\u00fablico, o desarrollos financiados desde Europa. La presente declaraci\u00f3n de accesibilidad se aplica al sitio&hellip;<\/p>","protected":false},"author":4,"featured_media":0,"parent":0,"menu_order":0,"comment_status":"closed","ping_status":"closed","template":"","meta":{"_joinchat":[]},"_links":{"self":[{"href":"https:\/\/www.vcsport.es\/en\/wp-json\/wp\/v2\/pages\/3441"}],"collection":[{"href":"https:\/\/www.vcsport.es\/en\/wp-json\/wp\/v2\/pages"}],"about":[{"href":"https:\/\/www.vcsport.es\/en\/wp-json\/wp\/v2\/types\/page"}],"author":[{"embeddable":true,"href":"https:\/\/www.vcsport.es\/en\/wp-json\/wp\/v2\/users\/4"}],"replies":[{"embeddable":true,"href":"https:\/\/www.vcsport.es\/en\/wp-json\/wp\/v2\/comments?post=3441"}],"version-history":[{"count":0,"href":"https:\/\/www.vcsport.es\/en\/wp-json\/wp\/v2\/pages\/3441\/revisions"}],"wp:attachment":[{"href":"https:\/\/www.vcsport.es\/en\/wp-json\/wp\/v2\/media?parent=3441"}],"curies":[{"name":"wp","href":"https:\/\/api.w.org\/{rel}","templated":true}]}}